{"id":2125,"date":"2025-03-01T15:48:35","date_gmt":"2025-03-01T15:48:35","guid":{"rendered":"https:\/\/planexconsulting.com\/imprint\/"},"modified":"2025-03-12T16:59:42","modified_gmt":"2025-03-12T16:59:42","slug":"impressum","status":"publish","type":"page","link":"https:\/\/planexconsulting.com\/en\/impressum\/","title":{"rendered":"Imprint"},"content":{"rendered":"<!-- Legal document generated by Complianz | GDPR\/CCPA Cookie Consent https:\/\/wordpress.org\/plugins\/complianz-gdpr -->\n<div id=\"cmplz-document\" class=\"cmplz-document impressum cmplz-document-all\"><p><i>This imprint was last updated on November 3, 2025.<\/i><\/p><p class=\"cmplz-subtitle\">The owner of this website is:<\/p><p>Planex Consulting GmbH <br>Landstra\u00dfer Hauptstra\u00dfe 148A, Stiege 1, T\u00fcr 10<br>Austria<br>Email:&nbsp;<span class=\"cmplz-obfuscate\">of&#102;i&#099;&#101;@<span class=\"cmplz-fmail-domain\">e&#120;&#046;c&#111;&#109;<\/span>&#112;&#108;a&#110;&#101;x&#099;on&#115;&#117;lt&#105;&#110;&#103;.c&#111;m<\/span><br>Phone number: +43 699 17644209<br><\/p><p class=\"cmplz-subtitle\">The legal representative(s) of Planex Consulting GmbH :<\/p><p>Florian Gabriel Ilie<\/p><h2>1. General<\/h2><p class=\"cmplz-subtitle\">1.1 We are registered at Firmenbuchgericht: Wien under the license or registration number:<\/p><p>FN 650165a<\/p><p class=\"cmplz-subtitle\">1.2 The name of our supervisory authority is:<\/p><p>Bezirkshauptmannschaft Wien<\/p><p class=\"cmplz-subtitle\">1.3 We display services or products on our website, which require registration with the following professional association:<\/p><p>WK\u00d6 Wien<\/p><p class=\"cmplz-subtitle\">1.4 The profession or the activities displayed on this website require a certain diploma, as stated here:<\/p><p>Ingenieurb\u00fcro, this diploma or job title was awarded in Austria.<\/p><p class=\"cmplz-subtitle\">1.5 The following Professional Rules and Regulations apply to our organization:<\/p><p>\u00a7 94 der Gewerbeordnung BGBI. Nr 194\/1994, i.d.g.F.<\/p><p>You can access these rules and regulations here:<br \/>www.ris.bka.gv.at<\/p><p>We are not willing or obliged to participate in dispute resolution procedures before a consumer arbitration board.<\/p><\/div>","protected":false},"excerpt":{"rendered":"","protected":false},"author":1,"featured_media":2144,"parent":0,"menu_order":0,"comment_status":"closed","ping_status":"closed","template":"","meta":{"_seopress_robots_primary_cat":"","_seopress_titles_title":"Impressum I Planex Consulting","_seopress_titles_desc":"Impressum von Planex Consulting. Angaben gem\u00e4\u00df \u00a7 5 TMG. Ansprechpartner f\u00fcr Terminplanung, Projektsteuerung und PMO im Anlagenbau.","_seopress_robots_index":"","_uag_custom_page_level_css":"","footnotes":""},"class_list":["post-2125","page","type-page","status-publish","has-post-thumbnail","hentry"],"uagb_featured_image_src":{"full":["https:\/\/planexconsulting.com\/wp-content\/uploads\/2025\/03\/planex-consulting-legal-page.avif",2000,1333,false],"thumbnail":["https:\/\/planexconsulting.com\/wp-content\/uploads\/2025\/03\/planex-consulting-legal-page-150x150.avif",150,150,true],"medium":["https:\/\/planexconsulting.com\/wp-content\/uploads\/2025\/03\/planex-consulting-legal-page-300x200.avif",300,200,true],"medium_large":["https:\/\/planexconsulting.com\/wp-content\/uploads\/2025\/03\/planex-consulting-legal-page-768x512.avif",768,512,true],"large":["https:\/\/planexconsulting.com\/wp-content\/uploads\/2025\/03\/planex-consulting-legal-page-1024x682.avif",800,533,true],"1536x1536":["https:\/\/planexconsulting.com\/wp-content\/uploads\/2025\/03\/planex-consulting-legal-page-1536x1024.avif",1536,1024,true],"2048x2048":["https:\/\/planexconsulting.com\/wp-content\/uploads\/2025\/03\/planex-consulting-legal-page.avif",2000,1333,false],"trp-custom-language-flag":["https:\/\/planexconsulting.com\/wp-content\/uploads\/2025\/03\/planex-consulting-legal-page-18x12.avif",18,12,true]},"uagb_author_info":{"display_name":"Carefully3445","author_link":"https:\/\/planexconsulting.com\/en\/author\/carefully3445\/"},"uagb_comment_info":0,"uagb_excerpt":null,"_links":{"self":[{"href":"https:\/\/planexconsulting.com\/en\/wp-json\/wp\/v2\/pages\/2125","targetHints":{"allow":["GET"]}}],"collection":[{"href":"https:\/\/planexconsulting.com\/en\/wp-json\/wp\/v2\/pages"}],"about":[{"href":"https:\/\/planexconsulting.com\/en\/wp-json\/wp\/v2\/types\/page"}],"author":[{"embeddable":true,"href":"https:\/\/planexconsulting.com\/en\/wp-json\/wp\/v2\/users\/1"}],"replies":[{"embeddable":true,"href":"https:\/\/planexconsulting.com\/en\/wp-json\/wp\/v2\/comments?post=2125"}],"version-history":[{"count":0,"href":"https:\/\/planexconsulting.com\/en\/wp-json\/wp\/v2\/pages\/2125\/revisions"}],"wp:featuredmedia":[{"embeddable":true,"href":"https:\/\/planexconsulting.com\/en\/wp-json\/wp\/v2\/media\/2144"}],"wp:attachment":[{"href":"https:\/\/planexconsulting.com\/en\/wp-json\/wp\/v2\/media?parent=2125"}],"curies":[{"name":"wp","href":"https:\/\/api.w.org\/{rel}","templated":true}]}}